{"id":147,"date":"2024-06-11T11:26:36","date_gmt":"2024-06-11T09:26:36","guid":{"rendered":"https:\/\/helloflats.de\/?page_id=147"},"modified":"2024-06-19T14:30:01","modified_gmt":"2024-06-19T12:30:01","slug":"ferienwohnung-erding-buchen","status":"publish","type":"page","link":"https:\/\/helloflats.de\/en\/ferienwohnung-erding-buchen\/","title":{"rendered":"z_FERIENWOHNUNG BUCHEN"},"content":{"rendered":"<p>[et_pb_section fb_built=&#8220;1&#8243; admin_label=&#8220;Headmotiv&#8220; _builder_version=&#8220;4.24.3&#8243; _module_preset=&#8220;default&#8220; custom_margin=&#8220;0px|0px|0px|0px|false|false&#8220; custom_padding=&#8220;0px|0px|0px|0px|false|false&#8220; global_colors_info=&#8220;{}&#8220;][et_pb_row use_custom_gutter=&#8220;on&#8220; gutter_width=&#8220;1&#8243; _builder_version=&#8220;4.24.3&#8243; _module_preset=&#8220;default&#8220; background_image=&#8220;https:\/\/helloflats.de\/wp-content\/uploads\/Wohnzimmer-ohneKabel1320.jpg&#8220; width=&#8220;100%&#8220; max_width=&#8220;2800px&#8220; module_alignment=&#8220;center&#8220; min_height=&#8220;700px&#8220; min_height_tablet=&#8220;450px&#8220; min_height_phone=&#8220;300px&#8220; min_height_last_edited=&#8220;on|tablet&#8220; custom_margin=&#8220;0px|0px|0px|0px|false|false&#8220; custom_padding=&#8220;0px|0px|0px|0px|false|false&#8220; global_colors_info=&#8220;{}&#8220;][et_pb_column type=&#8220;4_4&#8243; _builder_version=&#8220;4.24.3&#8243; _module_preset=&#8220;default&#8220; global_colors_info=&#8220;{}&#8220;][\/et_pb_column][\/et_pb_row][\/et_pb_section][et_pb_section fb_built=&#8220;1&#8243; admin_label=&#8220;H1Balkengrau&#8220; _builder_version=&#8220;4.24.3&#8243; _module_preset=&#8220;default&#8220; background_color=&#8220;#3E3E3E&#8220; module_alignment=&#8220;center&#8220; min_height=&#8220;30px&#8220; custom_margin=&#8220;0px|0px|0px|0px|false|false&#8220; custom_padding=&#8220;0px|0px|0px|0px|false|false&#8220; global_colors_info=&#8220;{}&#8220;][et_pb_row _builder_version=&#8220;4.24.3&#8243; _module_preset=&#8220;default&#8220; width=&#8220;auto&#8220; max_width=&#8220;1680px&#8220; module_alignment=&#8220;center&#8220; custom_margin=&#8220;0px|0px|0px|0px|false|false&#8220; custom_padding=&#8220;0px|0px|0px|0px|false|false&#8220; global_colors_info=&#8220;{}&#8220;][et_pb_column type=&#8220;4_4&#8243; _builder_version=&#8220;4.24.3&#8243; _module_preset=&#8220;default&#8220; global_colors_info=&#8220;{}&#8220;][et_pb_text _builder_version=&#8220;4.24.3&#8243; _module_preset=&#8220;default&#8220; header_text_color=&#8220;#FFFFFF&#8220; header_font_size=&#8220;13px&#8220; custom_margin=&#8220;0px|0px|0px|0px|false|false&#8220; custom_padding=&#8220;7px|40px|0px|40px|false|false&#8220; custom_padding_tablet=&#8220;|30px||30px|false|false&#8220; custom_padding_phone=&#8220;|15px||15px|false|false&#8220; custom_padding_last_edited=&#8220;on|phone&#8220; header_font_size_tablet=&#8220;12px&#8220; header_font_size_phone=&#8220;11px&#8220; header_font_size_last_edited=&#8220;on|phone&#8220; global_colors_info=&#8220;{}&#8220;]<\/p>\n<h1>\u00a0Ferienwohnung Luxus-Apartment in Erding buchen<\/h1>\n<p>[\/et_pb_text][\/et_pb_column][\/et_pb_row][\/et_pb_section][et_pb_section fb_built=&#8220;1&#8243; admin_label=&#8220;Content&#8220; _builder_version=&#8220;4.24.3&#8243; _module_preset=&#8220;default&#8220; custom_margin=&#8220;0px|0px|0px|0px|false|false&#8220; custom_padding=&#8220;0px|0px|0px|0px|false|false&#8220; global_colors_info=&#8220;{}&#8220;][et_pb_row column_structure=&#8220;2_5,3_5&#8243; use_custom_gutter=&#8220;on&#8220; gutter_width=&#8220;1&#8243; make_equal=&#8220;on&#8220; custom_padding_last_edited=&#8220;on|phone&#8220; _builder_version=&#8220;4.24.3&#8243; _module_preset=&#8220;default&#8220; width=&#8220;100%&#8220; max_width=&#8220;1680px&#8220; module_alignment=&#8220;center&#8220; custom_margin=&#8220;30px||||false|false&#8220; custom_margin_tablet=&#8220;||||false|false&#8220; custom_margin_phone=&#8220;||||false|false&#8220; custom_margin_last_edited=&#8220;on|desktop&#8220; custom_padding=&#8220;|40px||40px|false|false&#8220; custom_padding_tablet=&#8220;|30px||30px|false|false&#8220; custom_padding_phone=&#8220;|10px||10px|false|false&#8220; global_colors_info=&#8220;{}&#8220;][et_pb_column type=&#8220;2_5&#8243; _builder_version=&#8220;4.24.3&#8243; _module_preset=&#8220;default&#8220; custom_padding=&#8220;0px|0px|0px|0px|false|false&#8220; custom_css_main_element=&#8220;display: flex;||flex-flow: column nowrap;||align-items: baseline;||justify-content: center;&#8220; global_colors_info=&#8220;{}&#8220;][et_pb_text _builder_version=&#8220;4.24.3&#8243; _module_preset=&#8220;default&#8220; text_font=&#8220;Lato_regular||||||||&#8220; text_text_color=&#8220;#3E3E3E&#8220; text_font_size=&#8220;16px&#8220; text_line_height=&#8220;1.5em&#8220; link_text_color=&#8220;#C786B2&#8243; header_font=&#8220;Lato thin||||||||&#8220; header_text_color=&#8220;#3E3E3E&#8220; header_font_size=&#8220;14px&#8220; header_2_font=&#8220;Lato thin||||||||&#8220; header_2_line_height=&#8220;1.2em&#8220; module_alignment=&#8220;left&#8220; custom_margin=&#8220;20px|0px|0px|0px|false|false&#8220; custom_padding=&#8220;0px|40px|0px|40px|false|false&#8220; custom_padding_tablet=&#8220;|30px||30px|false|false&#8220; custom_padding_phone=&#8220;|15px||15px|false|false&#8220; custom_padding_last_edited=&#8220;on|phone&#8220; header_2_font_size_tablet=&#8220;24px&#8220; header_2_font_size_phone=&#8220;22px&#8220; header_2_font_size_last_edited=&#8220;on|desktop&#8220; global_colors_info=&#8220;{}&#8220;]<\/p>\n<h2>BUCHE <a href=\"#\">JETZT<\/a><\/h2>\n<p>[\/et_pb_text][et_pb_text _builder_version=&#8220;4.24.3&#8243; _module_preset=&#8220;default&#8220; text_font=&#8220;Lato_regular||||||||&#8220; text_text_color=&#8220;#3E3E3E&#8220; text_font_size=&#8220;17px&#8220; text_line_height=&#8220;1.5em&#8220; custom_margin=&#8220;20px|0px|0px|0px|false|false&#8220; custom_padding=&#8220;0px|40px|0px|40px|false|false&#8220; custom_padding_tablet=&#8220;|30px||30px|false|false&#8220; custom_padding_phone=&#8220;|15px||15px|false|false&#8220; custom_padding_last_edited=&#8220;on|phone&#8220; hover_enabled=&#8220;0&#8243; global_colors_info=&#8220;{}&#8220; sticky_enabled=&#8220;0&#8243;]<\/p>\n<p class=\"p1\"><span class=\"s1\">Bei HELLOFLATS gestalten und dekorieren wir Apartments und Wohnungen mit dem Ziel, dass Du Dich wie zuhause f\u00fchlen kannst. Ein Aufenthalt in einer HelloFlats Ferienwohnung vermittelt fast das Gef\u00fchl, zuhause zu sein. Jede Wohnung richten wir so ein, wie wir sie selbst lieben w\u00fcrden, um einen Ort zum Leben zu schaffen, nicht nur zum \u00dcbernachten.<\/span><\/p>\n<p><span>\u00a0<\/span><\/p>\n<p>[\/et_pb_text][\/et_pb_column][et_pb_column type=&#8220;3_5&#8243; _builder_version=&#8220;4.24.3&#8243; _module_preset=&#8220;default&#8220; global_colors_info=&#8220;{}&#8220;][\/et_pb_column][\/et_pb_row][et_pb_row use_custom_gutter=&#8220;on&#8220; gutter_width=&#8220;1&#8243; make_equal=&#8220;on&#8220; custom_padding_last_edited=&#8220;on|phone&#8220; _builder_version=&#8220;4.24.3&#8243; _module_preset=&#8220;default&#8220; width=&#8220;90%&#8220; max_width=&#8220;1280px&#8220; module_alignment=&#8220;center&#8220; custom_margin=&#8220;30px||||false|false&#8220; custom_margin_tablet=&#8220;||||false|false&#8220; custom_margin_phone=&#8220;||||false|false&#8220; custom_margin_last_edited=&#8220;on|desktop&#8220; custom_padding=&#8220;|40px||40px|false|false&#8220; custom_padding_tablet=&#8220;|30px||30px|false|false&#8220; custom_padding_phone=&#8220;|10px||10px|false|false&#8220; global_colors_info=&#8220;{}&#8220;][et_pb_column type=&#8220;4_4&#8243; _builder_version=&#8220;4.24.3&#8243; _module_preset=&#8220;default&#8220; custom_padding=&#8220;0px|0px|0px|0px|false|false&#8220; custom_css_main_element=&#8220;display: flex;||flex-flow: column nowrap;||align-items: baseline;||justify-content: center;&#8220; global_colors_info=&#8220;{}&#8220;][et_pb_code _builder_version=&#8220;4.24.3&#8243; _module_preset=&#8220;default&#8220; global_colors_info=&#8220;{}&#8220;]<\/p>\n<div id=\"smoobuApartment2051353de\" class=\"calendarWidget\">\n<div class=\"calendarContent\" data-load-calendar-url=\"https:\/\/login.smoobu.com\/de\/cockpit\/widget\/single-calendar\/2051353\" data-verification=\"b4c7b1b5cdfd62b082f0aa89f00032bb3e0debd5b90cb8153fc6540ac1d2cbcd\" data-baseUrl=\"https:\/\/login.smoobu.com\" data-disable-css=\"false\" ><\/div>\n<p> <script type=\"text\/javascript\" src=\"https:\/\/login.smoobu.com\/js\/Apartment\/CalendarWidget.js\"><\/script><\/div>\n<p>[\/et_pb_code][\/et_pb_column][\/et_pb_row][et_pb_row use_custom_gutter=&#8220;on&#8220; gutter_width=&#8220;1&#8243; make_equal=&#8220;on&#8220; custom_padding_last_edited=&#8220;on|phone&#8220; _builder_version=&#8220;4.24.3&#8243; _module_preset=&#8220;default&#8220; width=&#8220;90%&#8220; max_width=&#8220;1280px&#8220; module_alignment=&#8220;center&#8220; custom_margin=&#8220;30px||||false|false&#8220; custom_margin_tablet=&#8220;||||false|false&#8220; custom_margin_phone=&#8220;||||false|false&#8220; custom_margin_last_edited=&#8220;on|desktop&#8220; custom_padding=&#8220;|40px||40px|false|false&#8220; custom_padding_tablet=&#8220;|30px||30px|false|false&#8220; custom_padding_phone=&#8220;|10px||10px|false|false&#8220; global_colors_info=&#8220;{}&#8220;][et_pb_column type=&#8220;4_4&#8243; _builder_version=&#8220;4.24.3&#8243; _module_preset=&#8220;default&#8220; custom_padding=&#8220;0px|0px|0px|0px|false|false&#8220; custom_css_main_element=&#8220;display: flex;||flex-flow: column nowrap;||align-items: baseline;||justify-content: center;&#8220; global_colors_info=&#8220;{}&#8220;][et_pb_code _builder_version=&#8220;4.24.3&#8243; _module_preset=&#8220;default&#8220; width=&#8220;100%&#8220; global_colors_info=&#8220;{}&#8220;]<\/p>\n<div id=\"apartmentIframeAll\"> <script type=\"text\/javascript\" src=\"https:\/\/login.smoobu.com\/js\/Settings\/BookingToolIframe.js\"><\/script> <script>BookingToolIframe.initialize({\"url\": \"https:\/\/login.smoobu.com\/de\/booking-tool\/iframe\/793831\", \"baseUrl\": \"https:\/\/login.smoobu.com\", \"target\": \"#apartmentIframeAll\"})<\/script> <\/div>\n<p>[\/et_pb_code][\/et_pb_column][\/et_pb_row][\/et_pb_section][et_pb_section fb_built=&#8220;1&#8243; admin_label=&#8220;DEKO&#8220; _builder_version=&#8220;4.24.3&#8243; _module_preset=&#8220;default&#8220; custom_margin=&#8220;0px|0px|0px|0px|false|false&#8220; custom_padding=&#8220;0px|0px|0px|0px|false|false&#8220; global_colors_info=&#8220;{}&#8220;][et_pb_row use_custom_gutter=&#8220;on&#8220; gutter_width=&#8220;1&#8243; admin_label=&#8220;GRAU&#8220; _builder_version=&#8220;4.24.3&#8243; _module_preset=&#8220;default&#8220; background_color=&#8220;RGBA(255,255,255,0)&#8220; width=&#8220;100%&#8220; max_width=&#8220;2680px&#8220; module_alignment=&#8220;center&#8220; max_height=&#8220;30px&#8220; custom_margin=&#8220;40px|0px|0px|0px|false|false&#8220; custom_padding=&#8220;0px|0px|0px|0px|false|false&#8220; global_colors_info=&#8220;{}&#8220;][et_pb_column type=&#8220;4_4&#8243; _builder_version=&#8220;4.24.3&#8243; _module_preset=&#8220;default&#8220; custom_padding=&#8220;0px|0px|0px|0px|false|false&#8220; global_colors_info=&#8220;{}&#8220;][et_pb_image src=&#8220;https:\/\/helloflats.de\/wp-content\/uploads\/helloflats-ferienwohnung-erding-head_05.jpg&#8220; title_text=&#8220;helloflats-ferienwohnung-erding-head_05&#8243; show_bottom_space=&#8220;off&#8220; force_fullwidth=&#8220;on&#8220; _builder_version=&#8220;4.24.3&#8243; _module_preset=&#8220;default&#8220; custom_margin=&#8220;0px|0px|0px|0px|false|false&#8220; custom_padding=&#8220;0px|0px|0px|0px|false|false&#8220; global_colors_info=&#8220;{}&#8220;][\/et_pb_image][\/et_pb_column][\/et_pb_row][et_pb_row admin_label=&#8220;Teiler&#8220; _builder_version=&#8220;4.24.3&#8243; _module_preset=&#8220;default&#8220; global_colors_info=&#8220;{}&#8220;][et_pb_column type=&#8220;4_4&#8243; _builder_version=&#8220;4.24.3&#8243; _module_preset=&#8220;default&#8220; global_colors_info=&#8220;{}&#8220;][et_pb_divider show_divider=&#8220;off&#8220; _builder_version=&#8220;4.24.3&#8243; _module_preset=&#8220;default&#8220; height=&#8220;0px&#8220; custom_margin=&#8220;0px|0px|0px|0px|false|false&#8220; custom_padding=&#8220;0px|0px|0px|0px|false|false&#8220; global_colors_info=&#8220;{}&#8220;][\/et_pb_divider][\/et_pb_column][\/et_pb_row][\/et_pb_section]<\/p>\n","protected":false},"excerpt":{"rendered":"<p>\u00a0Ferienwohnung Luxus-Apartment in Erding buchenBUCHE JETZTBei HELLOFLATS gestalten und dekorieren wir Apartments und Wohnungen mit dem Ziel, dass Du Dich wie zuhause f\u00fchlen kannst. Ein Aufenthalt in einer HelloFlats Ferienwohnung vermittelt fast das Gef\u00fchl, zuhause zu sein. Jede Wohnung richten wir so ein, wie wir sie selbst lieben w\u00fcrden, um einen Ort zum Leben zu [&hellip;]<\/p>\n","protected":false},"author":1,"featured_media":0,"parent":0,"menu_order":0,"comment_status":"closed","ping_status":"closed","template":"","meta":{"_et_pb_use_builder":"on","_et_pb_old_content":"<!-- wp:divi\/placeholder \/-->","_et_gb_content_width":"","footnotes":""},"class_list":["post-147","page","type-page","status-publish","hentry"],"yoast_head":"<!-- This site is optimized with the Yoast SEO plugin v26.9 - https:\/\/yoast.com\/product\/yoast-seo-wordpress\/ -->\n<title>z_FERIENWOHNUNG BUCHEN - HELLOFLATS<\/title>\n<meta name=\"robots\" content=\"index, follow, max-snippet:-1, max-image-preview:large, max-video-preview:-1\" \/>\n<link rel=\"canonical\" href=\"https:\/\/helloflats.de\/en\/ferienwohnung-erding-buchen\/\" \/>\n<meta property=\"og:locale\" content=\"en_GB\" \/>\n<meta property=\"og:type\" content=\"article\" \/>\n<meta property=\"og:title\" content=\"z_FERIENWOHNUNG BUCHEN - HELLOFLATS\" \/>\n<meta property=\"og:description\" content=\"\u00a0Ferienwohnung Luxus-Apartment in Erding buchenBUCHE JETZTBei HELLOFLATS gestalten und dekorieren wir Apartments und Wohnungen mit dem Ziel, dass Du Dich wie zuhause f\u00fchlen kannst. Ein Aufenthalt in einer HelloFlats Ferienwohnung vermittelt fast das Gef\u00fchl, zuhause zu sein. Jede Wohnung richten wir so ein, wie wir sie selbst lieben w\u00fcrden, um einen Ort zum Leben zu [&hellip;]\" \/>\n<meta property=\"og:url\" content=\"https:\/\/helloflats.de\/en\/ferienwohnung-erding-buchen\/\" \/>\n<meta property=\"og:site_name\" content=\"HELLOFLATS\" \/>\n<meta property=\"article:modified_time\" content=\"2024-06-19T12:30:01+00:00\" \/>\n<meta name=\"twitter:card\" content=\"summary_large_image\" \/>\n<meta name=\"twitter:label1\" content=\"Estimated reading time\" \/>\n\t<meta name=\"twitter:data1\" content=\"1 minute\" \/>\n<script type=\"application\/ld+json\" class=\"yoast-schema-graph\">{\"@context\":\"https:\/\/schema.org\",\"@graph\":[{\"@type\":\"WebPage\",\"@id\":\"https:\/\/helloflats.de\/ferienwohnung-erding-buchen\/\",\"url\":\"https:\/\/helloflats.de\/ferienwohnung-erding-buchen\/\",\"name\":\"z_FERIENWOHNUNG BUCHEN - HELLOFLATS\",\"isPartOf\":{\"@id\":\"https:\/\/helloflats.de\/#website\"},\"datePublished\":\"2024-06-11T09:26:36+00:00\",\"dateModified\":\"2024-06-19T12:30:01+00:00\",\"breadcrumb\":{\"@id\":\"https:\/\/helloflats.de\/ferienwohnung-erding-buchen\/#breadcrumb\"},\"inLanguage\":\"en-GB\",\"potentialAction\":[{\"@type\":\"ReadAction\",\"target\":[\"https:\/\/helloflats.de\/ferienwohnung-erding-buchen\/\"]}]},{\"@type\":\"BreadcrumbList\",\"@id\":\"https:\/\/helloflats.de\/ferienwohnung-erding-buchen\/#breadcrumb\",\"itemListElement\":[{\"@type\":\"ListItem\",\"position\":1,\"name\":\"Startseite\",\"item\":\"https:\/\/helloflats.de\/\"},{\"@type\":\"ListItem\",\"position\":2,\"name\":\"z_FERIENWOHNUNG BUCHEN\"}]},{\"@type\":\"WebSite\",\"@id\":\"https:\/\/helloflats.de\/#website\",\"url\":\"https:\/\/helloflats.de\/\",\"name\":\"HELLOFLATS\",\"description\":\"Ferienwohnungen Apartments im Gro\u00dfraum M\u00fcnchen\",\"publisher\":{\"@id\":\"https:\/\/helloflats.de\/#organization\"},\"potentialAction\":[{\"@type\":\"SearchAction\",\"target\":{\"@type\":\"EntryPoint\",\"urlTemplate\":\"https:\/\/helloflats.de\/?s={search_term_string}\"},\"query-input\":{\"@type\":\"PropertyValueSpecification\",\"valueRequired\":true,\"valueName\":\"search_term_string\"}}],\"inLanguage\":\"en-GB\"},{\"@type\":\"Organization\",\"@id\":\"https:\/\/helloflats.de\/#organization\",\"name\":\"HELLOFLATS\",\"url\":\"https:\/\/helloflats.de\/\",\"logo\":{\"@type\":\"ImageObject\",\"inLanguage\":\"en-GB\",\"@id\":\"https:\/\/helloflats.de\/#\/schema\/logo\/image\/\",\"url\":\"https:\/\/helloflats.de\/wp-content\/uploads\/HELLOFLATS-Ferienwohnungen-Logo.png\",\"contentUrl\":\"https:\/\/helloflats.de\/wp-content\/uploads\/HELLOFLATS-Ferienwohnungen-Logo.png\",\"width\":292,\"height\":70,\"caption\":\"HELLOFLATS\"},\"image\":{\"@id\":\"https:\/\/helloflats.de\/#\/schema\/logo\/image\/\"}}]}<\/script>\n<!-- \/ Yoast SEO plugin. -->","yoast_head_json":{"title":"z_FERIENWOHNUNG BUCHEN - HELLOFLATS","robots":{"index":"index","follow":"follow","max-snippet":"max-snippet:-1","max-image-preview":"max-image-preview:large","max-video-preview":"max-video-preview:-1"},"canonical":"https:\/\/helloflats.de\/en\/ferienwohnung-erding-buchen\/","og_locale":"en_GB","og_type":"article","og_title":"z_FERIENWOHNUNG BUCHEN - HELLOFLATS","og_description":"\u00a0Ferienwohnung Luxus-Apartment in Erding buchenBUCHE JETZTBei HELLOFLATS gestalten und dekorieren wir Apartments und Wohnungen mit dem Ziel, dass Du Dich wie zuhause f\u00fchlen kannst. Ein Aufenthalt in einer HelloFlats Ferienwohnung vermittelt fast das Gef\u00fchl, zuhause zu sein. Jede Wohnung richten wir so ein, wie wir sie selbst lieben w\u00fcrden, um einen Ort zum Leben zu [&hellip;]","og_url":"https:\/\/helloflats.de\/en\/ferienwohnung-erding-buchen\/","og_site_name":"HELLOFLATS","article_modified_time":"2024-06-19T12:30:01+00:00","twitter_card":"summary_large_image","twitter_misc":{"Estimated reading time":"1 minute"},"schema":{"@context":"https:\/\/schema.org","@graph":[{"@type":"WebPage","@id":"https:\/\/helloflats.de\/ferienwohnung-erding-buchen\/","url":"https:\/\/helloflats.de\/ferienwohnung-erding-buchen\/","name":"z_FERIENWOHNUNG BUCHEN - HELLOFLATS","isPartOf":{"@id":"https:\/\/helloflats.de\/#website"},"datePublished":"2024-06-11T09:26:36+00:00","dateModified":"2024-06-19T12:30:01+00:00","breadcrumb":{"@id":"https:\/\/helloflats.de\/ferienwohnung-erding-buchen\/#breadcrumb"},"inLanguage":"en-GB","potentialAction":[{"@type":"ReadAction","target":["https:\/\/helloflats.de\/ferienwohnung-erding-buchen\/"]}]},{"@type":"BreadcrumbList","@id":"https:\/\/helloflats.de\/ferienwohnung-erding-buchen\/#breadcrumb","itemListElement":[{"@type":"ListItem","position":1,"name":"Startseite","item":"https:\/\/helloflats.de\/"},{"@type":"ListItem","position":2,"name":"z_FERIENWOHNUNG BUCHEN"}]},{"@type":"WebSite","@id":"https:\/\/helloflats.de\/#website","url":"https:\/\/helloflats.de\/","name":"HELLOFLATS","description":"Ferienwohnungen Apartments im Gro\u00dfraum M\u00fcnchen","publisher":{"@id":"https:\/\/helloflats.de\/#organization"},"potentialAction":[{"@type":"SearchAction","target":{"@type":"EntryPoint","urlTemplate":"https:\/\/helloflats.de\/?s={search_term_string}"},"query-input":{"@type":"PropertyValueSpecification","valueRequired":true,"valueName":"search_term_string"}}],"inLanguage":"en-GB"},{"@type":"Organization","@id":"https:\/\/helloflats.de\/#organization","name":"HELLOFLATS","url":"https:\/\/helloflats.de\/","logo":{"@type":"ImageObject","inLanguage":"en-GB","@id":"https:\/\/helloflats.de\/#\/schema\/logo\/image\/","url":"https:\/\/helloflats.de\/wp-content\/uploads\/HELLOFLATS-Ferienwohnungen-Logo.png","contentUrl":"https:\/\/helloflats.de\/wp-content\/uploads\/HELLOFLATS-Ferienwohnungen-Logo.png","width":292,"height":70,"caption":"HELLOFLATS"},"image":{"@id":"https:\/\/helloflats.de\/#\/schema\/logo\/image\/"}}]}},"_links":{"self":[{"href":"https:\/\/helloflats.de\/en\/wp-json\/wp\/v2\/pages\/147","targetHints":{"allow":["GET"]}}],"collection":[{"href":"https:\/\/helloflats.de\/en\/wp-json\/wp\/v2\/pages"}],"about":[{"href":"https:\/\/helloflats.de\/en\/wp-json\/wp\/v2\/types\/page"}],"author":[{"embeddable":true,"href":"https:\/\/helloflats.de\/en\/wp-json\/wp\/v2\/users\/1"}],"replies":[{"embeddable":true,"href":"https:\/\/helloflats.de\/en\/wp-json\/wp\/v2\/comments?post=147"}],"version-history":[{"count":12,"href":"https:\/\/helloflats.de\/en\/wp-json\/wp\/v2\/pages\/147\/revisions"}],"predecessor-version":[{"id":928,"href":"https:\/\/helloflats.de\/en\/wp-json\/wp\/v2\/pages\/147\/revisions\/928"}],"wp:attachment":[{"href":"https:\/\/helloflats.de\/en\/wp-json\/wp\/v2\/media?parent=147"}],"curies":[{"name":"wp","href":"https:\/\/api.w.org\/{rel}","templated":true}]}}